{"id":45,"date":"2012-11-17T20:29:21","date_gmt":"2012-11-17T20:29:21","guid":{"rendered":"http:\/\/simone.neuroscienze.org\/?page_id=45"},"modified":"2022-09-24T16:08:28","modified_gmt":"2022-09-24T14:08:28","slug":"soins-a-domicile-apres-la-naissance","status":"publish","type":"page","link":"https:\/\/naissancedouce.be\/?page_id=45","title":{"rendered":"Soins \u00e0 domicile"},"content":{"rendered":"<p>Vous \u00eates de retour chez vous apr\u00e8s la maternit\u00e9, mais vous souhaiteriez un suivi, que ce soit pour vous, ou pour votre b\u00e9b\u00e9 (ict\u00e8re, coliques, sommeil difficile, inqui\u00e9tude au sujet du poids, etc ).<\/p>\n<p>Vous \u00eates simplement inqui\u00e8te, vous vous sentez d\u00e9sempar\u00e9e, vous avez besoin de soutien dans votre r\u00f4le de m\u00e8re, de parents.<\/p>\n<p>Je me rends \u00e0 votre domicile (dans la r\u00e9gion de Nivelles, Soignies, Enghien, et Braine-le-Comte, sur rendez-vous.<\/p>\n","protected":false},"excerpt":{"rendered":"<p>Vous \u00eates de retour chez vous apr\u00e8s la maternit\u00e9, mais vous souhaiteriez un suivi, que ce soit pour vous, ou pour votre b\u00e9b\u00e9 (ict\u00e8re, coliques, sommeil difficile, inqui\u00e9tude au sujet du poids, etc ). Vous \u00eates simplement inqui\u00e8te, vous vous sentez d\u00e9sempar\u00e9e, vous avez besoin de soutien dans votre r\u00f4le de m\u00e8re, de parents. Je &hellip; <\/p>\n<p class=\"link-more\"><a href=\"https:\/\/naissancedouce.be\/?page_id=45\" class=\"more-link\">Continuer la lecture<span class=\"screen-reader-text\"> de &laquo;&nbsp;Soins \u00e0 domicile&nbsp;&raquo;<\/span><\/a><\/p>\n","protected":false},"author":1,"featured_media":0,"parent":0,"menu_order":0,"comment_status":"closed","ping_status":"open","template":"","meta":{"footnotes":""},"class_list":["post-45","page","type-page","status-publish","hentry"],"_links":{"self":[{"href":"https:\/\/naissancedouce.be\/index.php?rest_route=\/wp\/v2\/pages\/45","targetHints":{"allow":["GET"]}}],"collection":[{"href":"https:\/\/naissancedouce.be\/index.php?rest_route=\/wp\/v2\/pages"}],"about":[{"href":"https:\/\/naissancedouce.be\/index.php?rest_route=\/wp\/v2\/types\/page"}],"author":[{"embeddable":true,"href":"https:\/\/naissancedouce.be\/index.php?rest_route=\/wp\/v2\/users\/1"}],"replies":[{"embeddable":true,"href":"https:\/\/naissancedouce.be\/index.php?rest_route=%2Fwp%2Fv2%2Fcomments&post=45"}],"version-history":[{"count":5,"href":"https:\/\/naissancedouce.be\/index.php?rest_route=\/wp\/v2\/pages\/45\/revisions"}],"predecessor-version":[{"id":230,"href":"https:\/\/naissancedouce.be\/index.php?rest_route=\/wp\/v2\/pages\/45\/revisions\/230"}],"wp:attachment":[{"href":"https:\/\/naissancedouce.be\/index.php?rest_route=%2Fwp%2Fv2%2Fmedia&parent=45"}],"curies":[{"name":"wp","href":"https:\/\/api.w.org\/{rel}","templated":true}]}}