{"id":40,"date":"2012-11-17T20:20:30","date_gmt":"2012-11-17T20:20:30","guid":{"rendered":"http:\/\/simone.neuroscienze.org\/?page_id=40"},"modified":"2022-09-24T16:07:56","modified_gmt":"2022-09-24T14:07:56","slug":"preparation-globale-a-la-naissance","status":"publish","type":"page","link":"https:\/\/naissancedouce.be\/?page_id=40","title":{"rendered":"Pr\u00e9paration globale"},"content":{"rendered":"<p><a href=\"http:\/\/naissancedouce.be\/wp-content\/uploads\/2012\/11\/baby-boy-pregnancy-request.jpg\"><img loading=\"lazy\" decoding=\"async\" class=\" wp-image-82 alignleft\" src=\"http:\/\/naissancedouce.be\/wp-content\/uploads\/2012\/11\/baby-boy-pregnancy-request.jpg\" alt=\"\" width=\"302\" height=\"341\"><\/a><\/p>\n<p>Pourquoi se pr\u00e9parer \u00e0 la naissance ?<\/p>\n<p>La grossesse et l\u2019accouchement, que ce soit les premiers ou non, sont des \u00e9v\u00e9nements naturels bien s\u00fbr, mais intenses, au cours desquels des changements s\u2019op\u00e8rent, au niveau physique pour la future m\u00e8re, et aussi au niveau psychologique, pour chacun des parents et le couple dans son ensemble.<\/p>\n<p>Se pr\u00e9parer \u00e0 la naissance permet de faciliter ces adaptations:<\/p>\n<p>Par exemple en aidant votre corps de future m\u00e8re \u00e0 \u00e9voluer au cours de la grossesse, en soulageant les \u00ab petits maux \u00bb qui peuvent se pr\u00e9senter, mais aussi en expliquant le d\u00e9roulement de l\u2019accouchement en partant de vos connaissances et de vos questions.<\/p>\n<p>Je vous parlerai \u00e9galement de ce que vous pourrez mettre en place au moment de l\u2019accouchement pour faciliter le travail et la naissance (positions \u00e0 prendre,utilisation du ballon, importance de la respiration, choix d\u2019une anesth\u00e9sie p\u00e9ridurale ou non, etc),des diff\u00e9rentes mani\u00e8res de se d\u00e9tendre, ainsi que du r\u00f4le du p\u00e8re.<\/p>\n<p>J&rsquo; aborderai avec vous le d\u00e9roulement des premi\u00e8res heures, des premiers jours de votre b\u00e9b\u00e9, et notamment de l\u2019allaitement maternel si c\u2019est votre choix.<\/p>\n<p>Et bien s\u00fbr, et avant tout, je r\u00e9pondrai \u00e0 vos questions&#8230;<br \/>\nLes s\u00e9ances se d\u00e9roulent soit chez vous, soit chez Clinikids \u00e0 Nivelles.<\/p>\n<p>&nbsp;<\/p>\n<p>(source image: www.centrechiropratiquebeaulieu.com)<\/p>\n","protected":false},"excerpt":{"rendered":"<p>Pourquoi se pr\u00e9parer \u00e0 la naissance ? La grossesse et l\u2019accouchement, que ce soit les premiers ou non, sont des \u00e9v\u00e9nements naturels bien s\u00fbr, mais intenses, au cours desquels des changements s\u2019op\u00e8rent, au niveau physique pour la future m\u00e8re, et aussi au niveau psychologique, pour chacun des parents et le couple dans son ensemble. Se &hellip; <\/p>\n<p class=\"link-more\"><a href=\"https:\/\/naissancedouce.be\/?page_id=40\" class=\"more-link\">Continuer la lecture<span class=\"screen-reader-text\"> de &laquo;&nbsp;Pr\u00e9paration globale&nbsp;&raquo;<\/span><\/a><\/p>\n","protected":false},"author":1,"featured_media":0,"parent":0,"menu_order":0,"comment_status":"closed","ping_status":"open","template":"","meta":{"footnotes":""},"class_list":["post-40","page","type-page","status-publish","hentry"],"_links":{"self":[{"href":"https:\/\/naissancedouce.be\/index.php?rest_route=\/wp\/v2\/pages\/40","targetHints":{"allow":["GET"]}}],"collection":[{"href":"https:\/\/naissancedouce.be\/index.php?rest_route=\/wp\/v2\/pages"}],"about":[{"href":"https:\/\/naissancedouce.be\/index.php?rest_route=\/wp\/v2\/types\/page"}],"author":[{"embeddable":true,"href":"https:\/\/naissancedouce.be\/index.php?rest_route=\/wp\/v2\/users\/1"}],"replies":[{"embeddable":true,"href":"https:\/\/naissancedouce.be\/index.php?rest_route=%2Fwp%2Fv2%2Fcomments&post=40"}],"version-history":[{"count":15,"href":"https:\/\/naissancedouce.be\/index.php?rest_route=\/wp\/v2\/pages\/40\/revisions"}],"predecessor-version":[{"id":227,"href":"https:\/\/naissancedouce.be\/index.php?rest_route=\/wp\/v2\/pages\/40\/revisions\/227"}],"wp:attachment":[{"href":"https:\/\/naissancedouce.be\/index.php?rest_route=%2Fwp%2Fv2%2Fmedia&parent=40"}],"curies":[{"name":"wp","href":"https:\/\/api.w.org\/{rel}","templated":true}]}}