{"id":196,"date":"2022-09-23T08:48:40","date_gmt":"2022-09-23T06:48:40","guid":{"rendered":"https:\/\/naissancedouce.be\/?page_id=196"},"modified":"2022-09-23T09:22:03","modified_gmt":"2022-09-23T07:22:03","slug":"home","status":"publish","type":"page","link":"https:\/\/naissancedouce.be\/","title":{"rendered":"Home"},"content":{"rendered":"\n<p><\/p>\n\n\n\n<p><\/p>\n\n\n\n<p><a href=\"https:\/\/naissancedouce.be\/?page_id=47\">ALLAITEMENT MATERNEL<\/a><\/p>\n\n\n\n<p><a href=\"https:\/\/naissancedouce.be\/?page_id=148\">LA PR\u00c9PARATION AFFECTIVE \u00c0 LA NAISSANCE (HAPTONOMIE)<\/a><\/p>\n\n\n\n<p><a href=\"https:\/\/naissancedouce.be\/?page_id=140\">PORTAGE ET MASSAGE B\u00c9B\u00c9<\/a><\/p>\n\n\n\n<p><a href=\"https:\/\/naissancedouce.be\/?page_id=40\">PR\u00c9PARATION GLOBALE<\/a><\/p>\n\n\n\n<p><a href=\"https:\/\/naissancedouce.be\/?page_id=49\">R\u00c9\u00c9DUCATION P\u00c9RIN\u00c9ALE<\/a><\/p>\n\n\n\n<p><a href=\"https:\/\/naissancedouce.be\/?page_id=45\">SOINS \u00c0 DOMICILE<\/a><\/p>\n\n\n\n<p><\/p>\n","protected":false},"excerpt":{"rendered":"<p>ALLAITEMENT MATERNEL LA PR\u00c9PARATION AFFECTIVE \u00c0 LA NAISSANCE (HAPTONOMIE) PORTAGE ET MASSAGE B\u00c9B\u00c9 PR\u00c9PARATION GLOBALE R\u00c9\u00c9DUCATION P\u00c9RIN\u00c9ALE SOINS \u00c0 DOMICILE<\/p>\n","protected":false},"author":1,"featured_media":0,"parent":0,"menu_order":0,"comment_status":"closed","ping_status":"closed","template":"","meta":{"footnotes":""},"class_list":["post-196","page","type-page","status-publish","hentry"],"_links":{"self":[{"href":"https:\/\/naissancedouce.be\/index.php?rest_route=\/wp\/v2\/pages\/196","targetHints":{"allow":["GET"]}}],"collection":[{"href":"https:\/\/naissancedouce.be\/index.php?rest_route=\/wp\/v2\/pages"}],"about":[{"href":"https:\/\/naissancedouce.be\/index.php?rest_route=\/wp\/v2\/types\/page"}],"author":[{"embeddable":true,"href":"https:\/\/naissancedouce.be\/index.php?rest_route=\/wp\/v2\/users\/1"}],"replies":[{"embeddable":true,"href":"https:\/\/naissancedouce.be\/index.php?rest_route=%2Fwp%2Fv2%2Fcomments&post=196"}],"version-history":[{"count":5,"href":"https:\/\/naissancedouce.be\/index.php?rest_route=\/wp\/v2\/pages\/196\/revisions"}],"predecessor-version":[{"id":213,"href":"https:\/\/naissancedouce.be\/index.php?rest_route=\/wp\/v2\/pages\/196\/revisions\/213"}],"wp:attachment":[{"href":"https:\/\/naissancedouce.be\/index.php?rest_route=%2Fwp%2Fv2%2Fmedia&parent=196"}],"curies":[{"name":"wp","href":"https:\/\/api.w.org\/{rel}","templated":true}]}}