{"id":140,"date":"2018-01-17T17:20:40","date_gmt":"2018-01-17T17:20:40","guid":{"rendered":"http:\/\/naissancedouce.be\/?page_id=140"},"modified":"2022-10-04T21:52:06","modified_gmt":"2022-10-04T19:52:06","slug":"portage-et-massage-bebe","status":"publish","type":"page","link":"https:\/\/naissancedouce.be\/?page_id=140","title":{"rendered":"Portage et massage b\u00e9b\u00e9"},"content":{"rendered":"<p>Le portage:<\/p>\n<p>Les sp\u00e9cialistes s&rsquo;accordent \u00e0 dire que le portage proximal de l&rsquo;enfant (que ce soit en \u00e9charpe, en porte-b\u00e9b\u00e9 pr\u00e9form\u00e9 ou autre) pr\u00e9sente de multiples avantages, \u00e0 la fois pour le d\u00e9veloppement du b\u00e9b\u00e9 ( notamment pour r\u00e9pondre au besoin de r\u00e9assurance dans la chaleur, les bercements du rythme du coeur et le contact du parent) mais aussi pour le respect du dos du parent ( et son besoin d&rsquo;avoir quelques fois les mains libres..).<\/p>\n<p>Les moyens de porter son b\u00e9b\u00e9 sont tr\u00e8s nombreux aujourd&rsquo;hui. Mon souhait est donc de vous aider \u00e0 reconna\u00eetre un moyen de portage physiologique, qui convienne \u00e0 vos besoins et \u00e0 vos habitudes. Dans ce cas l&rsquo;id\u00e9al est de se rencontrer avant la naissance de b\u00e9b\u00e9, ou en tous cas avant l&rsquo;achat du moyen de portage.<\/p>\n<p>\u00a0<\/p>\n<p>Si vous choisissez le portage en \u00e9charpe, je peux \u00e9galement vous aider \u00e0 \u00eatre \u00e0 l&rsquo;aise avec le nouage et les positions de b\u00e9b\u00e9 possibles, soit d\u00e8s avant la naissance avec une poup\u00e9e, soit apr\u00e8s, avec votre b\u00e9b\u00e9.<\/p>\n\n\n<p><\/p>\n\n\n\n<figure class=\"wp-block-image size-large\"><img loading=\"lazy\" decoding=\"async\" width=\"1024\" height=\"683\" src=\"http:\/\/naissancedouce.be\/wp-content\/uploads\/2022\/10\/portage-physiologique-1024x683.jpg\" alt=\"\" class=\"wp-image-237\" srcset=\"https:\/\/naissancedouce.be\/wp-content\/uploads\/2022\/10\/portage-physiologique-1024x683.jpg 1024w, https:\/\/naissancedouce.be\/wp-content\/uploads\/2022\/10\/portage-physiologique-300x200.jpg 300w, https:\/\/naissancedouce.be\/wp-content\/uploads\/2022\/10\/portage-physiologique-768x513.jpg 768w, https:\/\/naissancedouce.be\/wp-content\/uploads\/2022\/10\/portage-physiologique-1536x1025.jpg 1536w, https:\/\/naissancedouce.be\/wp-content\/uploads\/2022\/10\/portage-physiologique.jpg 1687w\" sizes=\"auto, (max-width: 767px) 89vw, (max-width: 1000px) 54vw, (max-width: 1071px) 543px, 580px\" \/><figcaption>source: www.bebe-mag.fr<\/figcaption><\/figure>\n\n\n\n<p>Le massage b\u00e9b\u00e9<\/p>\n\n\n\n<p>Je vous propose de d\u00e9couvrir les gestes du massage pour b\u00e9b\u00e9.<\/p>\n\n\n\n<p>Il s&rsquo;agit d&rsquo;un massage \u00e0 l&rsquo;huile, dans un but de d\u00e9tente et de partage. Nous aborderons les diff\u00e9rents bienfaits du massage, les adaptations en fonction de l&rsquo;\u00e2ge de votre enfant, les conditions pour que le massage soit le plus agr\u00e9able possible pour votre b\u00e9b\u00e9 et pour vous.<\/p>\n\n\n\n<p>J&rsquo;apporte des poup\u00e9es afin que vous puissiez pratiquer m\u00eame si votre enfant dort&nbsp; par exemple, le but \u00e9tant de respecter au maximum les rythmes de votre petit<\/p>\n\n\n\n<figure class=\"wp-block-image size-full\"><img loading=\"lazy\" decoding=\"async\" width=\"1024\" height=\"683\" src=\"https:\/\/naissancedouce.be\/wp-content\/uploads\/2022\/10\/bienfaits-massage-bebe-nature-et-famille-1024x683-1.jpg\" alt=\"\" class=\"wp-image-238\" srcset=\"https:\/\/naissancedouce.be\/wp-content\/uploads\/2022\/10\/bienfaits-massage-bebe-nature-et-famille-1024x683-1.jpg 1024w, https:\/\/naissancedouce.be\/wp-content\/uploads\/2022\/10\/bienfaits-massage-bebe-nature-et-famille-1024x683-1-300x200.jpg 300w, https:\/\/naissancedouce.be\/wp-content\/uploads\/2022\/10\/bienfaits-massage-bebe-nature-et-famille-1024x683-1-768x512.jpg 768w\" sizes=\"auto, (max-width: 767px) 89vw, (max-width: 1000px) 54vw, (max-width: 1071px) 543px, 580px\" \/><\/figure>\n","protected":false},"excerpt":{"rendered":"<p>Le portage: Les sp\u00e9cialistes s&rsquo;accordent \u00e0 dire que le portage proximal de l&rsquo;enfant (que ce soit en \u00e9charpe, en porte-b\u00e9b\u00e9 pr\u00e9form\u00e9 ou autre) pr\u00e9sente de multiples avantages, \u00e0 la fois pour le d\u00e9veloppement du b\u00e9b\u00e9 ( notamment pour r\u00e9pondre au besoin de r\u00e9assurance dans la chaleur, les bercements du rythme du coeur et le contact &hellip; <\/p>\n<p class=\"link-more\"><a href=\"https:\/\/naissancedouce.be\/?page_id=140\" class=\"more-link\">Continuer la lecture<span class=\"screen-reader-text\"> de &laquo;&nbsp;Portage et massage b\u00e9b\u00e9&nbsp;&raquo;<\/span><\/a><\/p>\n","protected":false},"author":1,"featured_media":0,"parent":0,"menu_order":0,"comment_status":"closed","ping_status":"open","template":"","meta":{"footnotes":""},"class_list":["post-140","page","type-page","status-publish","hentry"],"_links":{"self":[{"href":"https:\/\/naissancedouce.be\/index.php?rest_route=\/wp\/v2\/pages\/140","targetHints":{"allow":["GET"]}}],"collection":[{"href":"https:\/\/naissancedouce.be\/index.php?rest_route=\/wp\/v2\/pages"}],"about":[{"href":"https:\/\/naissancedouce.be\/index.php?rest_route=\/wp\/v2\/types\/page"}],"author":[{"embeddable":true,"href":"https:\/\/naissancedouce.be\/index.php?rest_route=\/wp\/v2\/users\/1"}],"replies":[{"embeddable":true,"href":"https:\/\/naissancedouce.be\/index.php?rest_route=%2Fwp%2Fv2%2Fcomments&post=140"}],"version-history":[{"count":5,"href":"https:\/\/naissancedouce.be\/index.php?rest_route=\/wp\/v2\/pages\/140\/revisions"}],"predecessor-version":[{"id":239,"href":"https:\/\/naissancedouce.be\/index.php?rest_route=\/wp\/v2\/pages\/140\/revisions\/239"}],"wp:attachment":[{"href":"https:\/\/naissancedouce.be\/index.php?rest_route=%2Fwp%2Fv2%2Fmedia&parent=140"}],"curies":[{"name":"wp","href":"https:\/\/api.w.org\/{rel}","templated":true}]}}